{"id":291,"date":"2025-02-28T19:19:42","date_gmt":"2025-02-28T18:19:42","guid":{"rendered":"https:\/\/chateau-vandeleville.com\/?page_id=291"},"modified":"2026-01-07T11:33:27","modified_gmt":"2026-01-07T10:33:27","slug":"entreprises-traiteur-4","status":"publish","type":"page","link":"https:\/\/chateau-vandeleville.com\/?page_id=291","title":{"rendered":"Entreprises traiteur"},"content":{"rendered":"<p>[et_pb_section fb_built=\u00a0\u00bb1&Prime; admin_label=\u00a0\u00bbHeader\u00a0\u00bb _builder_version=\u00a0\u00bb4.27.4&Prime; _module_preset=\u00a0\u00bbdefault\u00a0\u00bb background_image=\u00a0\u00bbhttps:\/\/chateau-vandeleville.com\/wp-content\/uploads\/2025\/04\/entreprisetraiteur-header2.jpg\u00a0\u00bb custom_padding=\u00a0\u00bb15vw||15vw||true|false\u00a0\u00bb collapsed=\u00a0\u00bbon\u00a0\u00bb global_colors_info=\u00a0\u00bb{%22gcid-9fa4a1b6-767d-41ca-984c-a6f10449c843%22:%91%22background_color_gradient_stops%22%93}\u00a0\u00bb][\/et_pb_section][et_pb_section fb_built=\u00a0\u00bb1&Prime; _builder_version=\u00a0\u00bb4.27.4&Prime; _module_preset=\u00a0\u00bbdefault\u00a0\u00bb background_color=\u00a0\u00bb#E0DAD2&Prime; custom_padding=\u00a0\u00bb34px||27px|||\u00a0\u00bb global_colors_info=\u00a0\u00bb{}\u00a0\u00bb][et_pb_row _builder_version=\u00a0\u00bb4.20.0&Prime; _module_preset=\u00a0\u00bbdefault\u00a0\u00bb max_width=\u00a0\u00bb800px\u00a0\u00bb global_colors_info=\u00a0\u00bb{}\u00a0\u00bb][et_pb_column type=\u00a0\u00bb4_4&Prime; _builder_version=\u00a0\u00bb4.20.0&Prime; _module_preset=\u00a0\u00bbdefault\u00a0\u00bb global_colors_info=\u00a0\u00bb{}\u00a0\u00bb][et_pb_text _builder_version=\u00a0\u00bb4.27.4&Prime; _module_preset=\u00a0\u00bbdc616c2a-27d0-4b02-a3cb-eb258008ef71&Prime; header_font=\u00a0\u00bbJudson|||on|||||\u00a0\u00bb header_text_color=\u00a0\u00bb#1E232B\u00a0\u00bb header_font_size=\u00a0\u00bb53px\u00a0\u00bb text_orientation=\u00a0\u00bbcenter\u00a0\u00bb global_colors_info=\u00a0\u00bb{}\u00a0\u00bb]<\/p>\n<h1><span>Nos traiteurs partenaires <\/span><span><\/span><\/h1>\n<p>[\/et_pb_text][\/et_pb_column][\/et_pb_row][\/et_pb_section][et_pb_section fb_built=\u00a0\u00bb1&Prime; admin_label=\u00a0\u00bbAbout\u00a0\u00bb _builder_version=\u00a0\u00bb4.20.0&Prime; _module_preset=\u00a0\u00bbdefault\u00a0\u00bb background_color=\u00a0\u00bbgcid-9fa4a1b6-767d-41ca-984c-a6f10449c843&Prime; locked=\u00a0\u00bboff\u00a0\u00bb collapsed=\u00a0\u00bbon\u00a0\u00bb global_colors_info=\u00a0\u00bb{%22gcid-9fa4a1b6-767d-41ca-984c-a6f10449c843%22:%91%22background_color%22%93}\u00a0\u00bb][et_pb_row column_structure=\u00a0\u00bb1_2,1_2&Prime; make_equal=\u00a0\u00bbon\u00a0\u00bb _builder_version=\u00a0\u00bb4.27.4&Prime; _module_preset=\u00a0\u00bbdefault\u00a0\u00bb global_colors_info=\u00a0\u00bb{}\u00a0\u00bb][et_pb_column type=\u00a0\u00bb1_2&Prime; _builder_version=\u00a0\u00bb4.27.4&Prime; _module_preset=\u00a0\u00bbdefault\u00a0\u00bb background_image=\u00a0\u00bbhttps:\/\/chateau-vandeleville.com\/wp-content\/uploads\/2025\/04\/entreprisetraiteur-cadre.jpg\u00a0\u00bb global_colors_info=\u00a0\u00bb{}\u00a0\u00bb][et_pb_divider show_divider=\u00a0\u00bboff\u00a0\u00bb _builder_version=\u00a0\u00bb4.20.0&Prime; _module_preset=\u00a0\u00bbdefault\u00a0\u00bb height_tablet=\u00a0\u00bb40vw\u00a0\u00bb height_phone=\u00a0\u00bb40vw\u00a0\u00bb height_last_edited=\u00a0\u00bbon|desktop\u00a0\u00bb global_colors_info=\u00a0\u00bb{}\u00a0\u00bb][\/et_pb_divider][\/et_pb_column][et_pb_column type=\u00a0\u00bb1_2&Prime; _builder_version=\u00a0\u00bb4.20.0&Prime; _module_preset=\u00a0\u00bbdefault\u00a0\u00bb global_colors_info=\u00a0\u00bb{}\u00a0\u00bb][et_pb_text _builder_version=\u00a0\u00bb4.27.4&Prime; _module_preset=\u00a0\u00bbfcf81954-3ab9-40cc-8157-297581d8adbe\u00a0\u00bb header_2_font=\u00a0\u00bb&#8211;et_global_heading_font|||on|||||\u00a0\u00bb global_colors_info=\u00a0\u00bb{%22gcid-11d3dbbb-f6dc-4fb8-929b-9d6994368d00%22:%91%22header_2_text_color%22%93}\u00a0\u00bb]<\/p>\n<h2>Pour un repas d&rsquo;exception<\/h2>\n<p>[\/et_pb_text][et_pb_image src=\u00a0\u00bbhttps:\/\/chateau-vandeleville.com\/wp-content\/uploads\/2025\/02\/attorney-1.png\u00a0\u00bb title_text=\u00a0\u00bbattorney-1&Prime; _builder_version=\u00a0\u00bb4.20.0&Prime; _module_preset=\u00a0\u00bbdefault\u00a0\u00bb max_width=\u00a0\u00bb65px\u00a0\u00bb locked=\u00a0\u00bboff\u00a0\u00bb global_colors_info=\u00a0\u00bb{}\u00a0\u00bb][\/et_pb_image][et_pb_text _builder_version=\u00a0\u00bb4.20.0&Prime; _module_preset=\u00a0\u00bb1c12d4d2-fccb-443f-ad6c-d67a6673b1cf\u00a0\u00bb text_text_color=\u00a0\u00bb#FFFFFF\u00a0\u00bb locked=\u00a0\u00bboff\u00a0\u00bb global_colors_info=\u00a0\u00bb{}\u00a0\u00bb]<\/p>\n<p><span>Pour sublimer votre <\/span><span>mariage, r\u00e9ception ou \u00e9v\u00e9nement<\/span><span> au <\/span><span>Ch\u00e2teau de Vandel\u00e9ville<\/span><span>, nous travaillons avec une s\u00e9lection de <\/span><span>traiteurs partenaires exclusifs<\/span><span>. Leur savoir-faire gastronomique vous garantit une exp\u00e9rience culinaire raffin\u00e9e et adapt\u00e9e \u00e0 vos envies.<\/span><\/p>\n<p><span>Que vous souhaitiez un <\/span><span>menu gastronomique, un buffet chic ou un cocktail dinatoire<\/span><span>, ces experts de la restauration vous proposeront des prestations sur mesure, en accord avec l\u2019ambiance et le prestige de votre \u00e9v\u00e9nement.<\/span><\/p>\n<p>[\/et_pb_text][\/et_pb_column][\/et_pb_row][\/et_pb_section][et_pb_section fb_built=\u00a0\u00bb1&Prime; admin_label=\u00a0\u00bbOur Team\u00a0\u00bb _builder_version=\u00a0\u00bb4.20.0&Prime; _module_preset=\u00a0\u00bbdefault\u00a0\u00bb background_color=\u00a0\u00bbgcid-9fa4a1b6-767d-41ca-984c-a6f10449c843&Prime; collapsed=\u00a0\u00bbon\u00a0\u00bb global_colors_info=\u00a0\u00bb{%22gcid-9fa4a1b6-767d-41ca-984c-a6f10449c843%22:%91%22background_color%22%93}\u00a0\u00bb][et_pb_row _builder_version=\u00a0\u00bb4.20.0&Prime; _module_preset=\u00a0\u00bbdefault\u00a0\u00bb global_colors_info=\u00a0\u00bb{}\u00a0\u00bb][et_pb_column type=\u00a0\u00bb4_4&Prime; _builder_version=\u00a0\u00bb4.20.0&Prime; _module_preset=\u00a0\u00bbdefault\u00a0\u00bb global_colors_info=\u00a0\u00bb{}\u00a0\u00bb][et_pb_text _builder_version=\u00a0\u00bb4.27.4&Prime; _module_preset=\u00a0\u00bbfcf81954-3ab9-40cc-8157-297581d8adbe\u00a0\u00bb header_2_font=\u00a0\u00bb&#8211;et_global_heading_font|||on|||||\u00a0\u00bb text_orientation=\u00a0\u00bbcenter\u00a0\u00bb global_colors_info=\u00a0\u00bb{%22gcid-11d3dbbb-f6dc-4fb8-929b-9d6994368d00%22:%91%22header_2_text_color%22%93}\u00a0\u00bb]<\/p>\n<h2>Nos traiteurs partenaires<\/h2>\n<p>[\/et_pb_text][\/et_pb_column][\/et_pb_row][et_pb_row column_structure=\u00a0\u00bb1_3,1_3,1_3&Prime; _builder_version=\u00a0\u00bb4.20.0&Prime; _module_preset=\u00a0\u00bbdefault\u00a0\u00bb global_colors_info=\u00a0\u00bb{}\u00a0\u00bb][et_pb_column type=\u00a0\u00bb1_3&Prime; _builder_version=\u00a0\u00bb4.20.0&Prime; _module_preset=\u00a0\u00bbdefault\u00a0\u00bb global_colors_info=\u00a0\u00bb{}\u00a0\u00bb][et_pb_image src=\u00a0\u00bbhttps:\/\/chateau-vandeleville.com\/wp-content\/uploads\/2025\/02\/logo-marcotullio.jpg\u00a0\u00bb title_text=\u00a0\u00bblogo-marcotullio\u00a0\u00bb url=\u00a0\u00bbhttp:\/\/www.marcotullio-traiteur.com\u00a0\u00bb url_new_window=\u00a0\u00bbon\u00a0\u00bb _builder_version=\u00a0\u00bb4.27.4&Prime; _module_preset=\u00a0\u00bbdefault\u00a0\u00bb global_colors_info=\u00a0\u00bb{}\u00a0\u00bb][\/et_pb_image][et_pb_text _builder_version=\u00a0\u00bb4.27.4&Prime; _module_preset=\u00a0\u00bb269f320a-996e-433b-863e-a6e1c09b9351&Prime; header_5_text_color=\u00a0\u00bbgcid-11d3dbbb-f6dc-4fb8-929b-9d6994368d00&Prime; text_orientation=\u00a0\u00bbcenter\u00a0\u00bb global_colors_info=\u00a0\u00bb{%22gcid-11d3dbbb-f6dc-4fb8-929b-9d6994368d00%22:%91%22header_5_text_color%22%93}\u00a0\u00bb]<\/p>\n<h5><span>Marcotullio<\/span><span> Traiteur<\/span><span><\/span><\/h5>\n<p>[\/et_pb_text][et_pb_text _builder_version=\u00a0\u00bb4.27.4&Prime; _module_preset=\u00a0\u00bba297aff8-8870-4671-803a-717c610aa983&Prime; header_6_text_color=\u00a0\u00bb#FFFFFF\u00a0\u00bb text_orientation=\u00a0\u00bbcenter\u00a0\u00bb global_colors_info=\u00a0\u00bb{}\u00a0\u00bb]<\/p>\n<h6>| Contact : <a href=\"mailto:contact@marcotullio.fr\" target=\"_blank\" rel=\"noopener\">contact@marcotullio.fr<\/a><br \/>\n| <span><a href=\"http:\/\/www.marcotullio-traiteur.com\/\">www.marcotullio-traiteur.com<\/a><\/span><span><\/span><span><br \/>\n<\/span><span style=\"font-size: 16px;\">| <\/span><span>03 83 35 01 10<\/span><\/h6>\n<h6><span style=\"font-size: 16px;\"><\/span><span><br \/>\n<\/span><\/h6>\n<p>[\/et_pb_text][\/et_pb_column][et_pb_column type=\u00a0\u00bb1_3&Prime; _builder_version=\u00a0\u00bb4.20.0&Prime; _module_preset=\u00a0\u00bbdefault\u00a0\u00bb global_colors_info=\u00a0\u00bb{}\u00a0\u00bb][et_pb_image src=\u00a0\u00bbhttps:\/\/chateau-vandeleville.com\/wp-content\/uploads\/2025\/02\/logo-les-paganis.jpg\u00a0\u00bb title_text=\u00a0\u00bblogo-les-paganis\u00a0\u00bb url=\u00a0\u00bbhttp:\/\/www.lespaganis.com\u00a0\u00bb url_new_window=\u00a0\u00bbon\u00a0\u00bb _builder_version=\u00a0\u00bb4.27.4&Prime; _module_preset=\u00a0\u00bbdefault\u00a0\u00bb global_colors_info=\u00a0\u00bb{}\u00a0\u00bb][\/et_pb_image][et_pb_text _builder_version=\u00a0\u00bb4.27.4&Prime; _module_preset=\u00a0\u00bb269f320a-996e-433b-863e-a6e1c09b9351&Prime; header_5_text_color=\u00a0\u00bbgcid-11d3dbbb-f6dc-4fb8-929b-9d6994368d00&Prime; text_orientation=\u00a0\u00bbcenter\u00a0\u00bb global_colors_info=\u00a0\u00bb{%22gcid-11d3dbbb-f6dc-4fb8-929b-9d6994368d00%22:%91%22header_5_text_color%22%93}\u00a0\u00bb]<\/p>\n<h5><span>Les Paganis<\/span><span><\/span><\/h5>\n<p>[\/et_pb_text][et_pb_text _builder_version=\u00a0\u00bb4.27.4&Prime; _module_preset=\u00a0\u00bba297aff8-8870-4671-803a-717c610aa983&Prime; header_6_text_color=\u00a0\u00bb#FFFFFF\u00a0\u00bb text_orientation=\u00a0\u00bbcenter\u00a0\u00bb global_colors_info=\u00a0\u00bb{}\u00a0\u00bb]<\/p>\n<h6>| Contact : <span>contact@lespaganis.com<\/span><span><\/span><br \/>| <span><a href=\"http:\/\/www.lespaganis.com\/\">www.lespaganis.com<\/a><\/span><span><\/span><span><br \/><\/span><span style=\"font-size: 16px;\">| <\/span><span>03 83 48 66 42<\/span><\/h6>\n<h6><span style=\"font-size: 16px;\"><\/span><span><br \/><\/span><\/h6>\n<p>[\/et_pb_text][\/et_pb_column][et_pb_column type=\u00a0\u00bb1_3&Prime; _builder_version=\u00a0\u00bb4.20.0&Prime; _module_preset=\u00a0\u00bbdefault\u00a0\u00bb global_colors_info=\u00a0\u00bb{}\u00a0\u00bb][\/et_pb_column][\/et_pb_row][et_pb_row column_structure=\u00a0\u00bb1_3,1_3,1_3&Prime; _builder_version=\u00a0\u00bb4.20.0&Prime; _module_preset=\u00a0\u00bbdefault\u00a0\u00bb global_colors_info=\u00a0\u00bb{}\u00a0\u00bb][et_pb_column type=\u00a0\u00bb1_3&Prime; _builder_version=\u00a0\u00bb4.20.0&Prime; _module_preset=\u00a0\u00bbdefault\u00a0\u00bb global_colors_info=\u00a0\u00bb{}\u00a0\u00bb][et_pb_image src=\u00a0\u00bbhttps:\/\/chateau-vandeleville.com\/wp-content\/uploads\/2025\/02\/logo-code-cuisine.jpg\u00a0\u00bb title_text=\u00a0\u00bblogo-code-cuisine\u00a0\u00bb url=\u00a0\u00bbhttp:\/\/www.code-cuisine.com\u00a0\u00bb url_new_window=\u00a0\u00bbon\u00a0\u00bb _builder_version=\u00a0\u00bb4.27.4&Prime; _module_preset=\u00a0\u00bbdefault\u00a0\u00bb custom_padding=\u00a0\u00bb||0px|||\u00a0\u00bb global_colors_info=\u00a0\u00bb{}\u00a0\u00bb][\/et_pb_image][et_pb_text _builder_version=\u00a0\u00bb4.27.4&Prime; _module_preset=\u00a0\u00bb269f320a-996e-433b-863e-a6e1c09b9351&Prime; header_5_text_color=\u00a0\u00bbgcid-11d3dbbb-f6dc-4fb8-929b-9d6994368d00&Prime; text_orientation=\u00a0\u00bbcenter\u00a0\u00bb global_colors_info=\u00a0\u00bb{%22gcid-11d3dbbb-f6dc-4fb8-929b-9d6994368d00%22:%91%22header_5_text_color%22%93}\u00a0\u00bb]<\/p>\n<h5><span>Code Cuisine<\/span><span><\/span><\/h5>\n<p>[\/et_pb_text][et_pb_text _builder_version=\u00a0\u00bb4.27.4&Prime; _module_preset=\u00a0\u00bba297aff8-8870-4671-803a-717c610aa983&Prime; header_6_text_color=\u00a0\u00bb#FFFFFF\u00a0\u00bb text_orientation=\u00a0\u00bbcenter\u00a0\u00bb global_colors_info=\u00a0\u00bb{}\u00a0\u00bb]<\/p>\n<h6>| Contact : <span>codecuisine@gmail.com<\/span><span><\/span><br \/>| <span><a href=\"http:\/\/www.code-cuisine.com\/\">www.code-cuisine.com<\/a><\/span><span><\/span><span><br \/><\/span><span style=\"font-size: 16px;\">| <\/span><span>03 57 10 01 14<\/span><\/h6>\n<h6><span style=\"font-size: 16px;\"><\/span><span><br \/><\/span><\/h6>\n<p>[\/et_pb_text][\/et_pb_column][et_pb_column type=\u00a0\u00bb1_3&Prime; _builder_version=\u00a0\u00bb4.20.0&Prime; _module_preset=\u00a0\u00bbdefault\u00a0\u00bb global_colors_info=\u00a0\u00bb{}\u00a0\u00bb][et_pb_image src=\u00a0\u00bbhttps:\/\/chateau-vandeleville.com\/wp-content\/uploads\/2025\/02\/new-logo-lorraine-reception.jpg\u00a0\u00bb title_text=\u00a0\u00bbnew-logo-lorraine-reception\u00a0\u00bb url=\u00a0\u00bbhttp:\/\/www.lorraine-reception.fr\u00a0\u00bb url_new_window=\u00a0\u00bbon\u00a0\u00bb _builder_version=\u00a0\u00bb4.27.4&Prime; _module_preset=\u00a0\u00bbdefault\u00a0\u00bb custom_padding=\u00a0\u00bb||0px|||\u00a0\u00bb global_colors_info=\u00a0\u00bb{}\u00a0\u00bb][\/et_pb_image][et_pb_text _builder_version=\u00a0\u00bb4.27.4&Prime; _module_preset=\u00a0\u00bb269f320a-996e-433b-863e-a6e1c09b9351&Prime; header_5_text_color=\u00a0\u00bbgcid-11d3dbbb-f6dc-4fb8-929b-9d6994368d00&Prime; text_orientation=\u00a0\u00bbcenter\u00a0\u00bb global_colors_info=\u00a0\u00bb{%22gcid-11d3dbbb-f6dc-4fb8-929b-9d6994368d00%22:%91%22header_5_text_color%22%93}\u00a0\u00bb]<\/p>\n<h5><span>Lorraine R\u00e9ception<\/span><span><\/span><\/h5>\n<p>[\/et_pb_text][et_pb_text _builder_version=\u00a0\u00bb4.27.4&Prime; _module_preset=\u00a0\u00bba297aff8-8870-4671-803a-717c610aa983&Prime; header_6_text_color=\u00a0\u00bb#FFFFFF\u00a0\u00bb text_orientation=\u00a0\u00bbcenter\u00a0\u00bb global_colors_info=\u00a0\u00bb{}\u00a0\u00bb]<\/p>\n<h6>| <span style=\"font-size: 14px;\">Contact : lorraine.reception@gmail.com<\/span><br \/>\n| <span style=\"font-size: 16px;\"><a href=\"http:\/\/www.lorraine-reception.fr\/\">www.lorraine-reception.fr<\/a><\/span><br \/>\n| <span style=\"font-size: 16px;\">03 83 20 81 40<\/span><\/h6>\n<p>[\/et_pb_text][\/et_pb_column][et_pb_column type=\u00a0\u00bb1_3&Prime; _builder_version=\u00a0\u00bb4.20.0&Prime; _module_preset=\u00a0\u00bbdefault\u00a0\u00bb global_colors_info=\u00a0\u00bb{}\u00a0\u00bb][et_pb_image src=\u00a0\u00bbhttps:\/\/chateau-vandeleville.com\/wp-content\/uploads\/2025\/03\/800-x-640-px.png\u00a0\u00bb title_text=\u00a0\u00bb800 x 640 px\u00a0\u00bb url=\u00a0\u00bbhttps:\/\/www.juliencliquet.com\/\u00a0\u00bb url_new_window=\u00a0\u00bbon\u00a0\u00bb _builder_version=\u00a0\u00bb4.27.4&Prime; _module_preset=\u00a0\u00bbdefault\u00a0\u00bb global_colors_info=\u00a0\u00bb{}\u00a0\u00bb][\/et_pb_image][et_pb_text _builder_version=\u00a0\u00bb4.27.4&Prime; _module_preset=\u00a0\u00bb269f320a-996e-433b-863e-a6e1c09b9351&Prime; header_5_text_color=\u00a0\u00bbgcid-11d3dbbb-f6dc-4fb8-929b-9d6994368d00&Prime; text_orientation=\u00a0\u00bbcenter\u00a0\u00bb global_colors_info=\u00a0\u00bb{%22gcid-11d3dbbb-f6dc-4fb8-929b-9d6994368d00%22:%91%22header_5_text_color%22%93}\u00a0\u00bb]<\/p>\n<div class=\"et_pb_module et_pb_text et_pb_text_15  et_pb_text_align_center et_pb_bg_layout_light\">\n<div class=\"et_pb_text_inner\">\n<h5><span>Julien Cliquet<\/span><\/h5>\n<\/div>\n<\/div>\n<div class=\"et_pb_module et_pb_text et_pb_text_16  et_pb_text_align_center et_pb_bg_layout_light\">\n<div class=\"et_pb_text_inner\"><\/div>\n<\/div>\n<p>[\/et_pb_text][et_pb_text _builder_version=\u00a0\u00bb4.27.4&Prime; _module_preset=\u00a0\u00bba297aff8-8870-4671-803a-717c610aa983&Prime; header_6_text_color=\u00a0\u00bb#FFFFFF\u00a0\u00bb text_orientation=\u00a0\u00bbcenter\u00a0\u00bb global_colors_info=\u00a0\u00bb{}\u00a0\u00bb]<\/p>\n<h6>| <span style=\"font-size: 14px;\">Contact : julien@julientraiteur.com<\/span><br \/>\n| <a href=\"https:\/\/www.juliencliquet.com\/\" target=\"_blank\" rel=\"noopener\"><span style=\"font-size: 16px;\">https:\/\/www.juliencliquet.com\/<\/span><\/a><br \/>\n| <span style=\"font-size: 16px;\">(+352) 621 257 881<\/span><\/h6>\n<p>[\/et_pb_text][\/et_pb_column][\/et_pb_row][et_pb_row column_structure=\u00a0\u00bb1_3,1_3,1_3&Prime; _builder_version=\u00a0\u00bb4.20.0&Prime; _module_preset=\u00a0\u00bbdefault\u00a0\u00bb global_colors_info=\u00a0\u00bb{}\u00a0\u00bb][et_pb_column type=\u00a0\u00bb1_3&Prime; _builder_version=\u00a0\u00bb4.20.0&Prime; _module_preset=\u00a0\u00bbdefault\u00a0\u00bb global_colors_info=\u00a0\u00bb{}\u00a0\u00bb][et_pb_image src=\u00a0\u00bbhttps:\/\/chateau-vandeleville.com\/wp-content\/uploads\/2025\/03\/800-x-640-px-1.png\u00a0\u00bb title_text=\u00a0\u00bb800 x 640 px (1)\u00a0\u00bb url=\u00a0\u00bbhttps:\/\/www.larthomedessaveurstraiteur.fr\/\u00a0\u00bb url_new_window=\u00a0\u00bbon\u00a0\u00bb _builder_version=\u00a0\u00bb4.27.4&Prime; _module_preset=\u00a0\u00bbdefault\u00a0\u00bb custom_padding=\u00a0\u00bb||0px|||\u00a0\u00bb global_colors_info=\u00a0\u00bb{}\u00a0\u00bb][\/et_pb_image][et_pb_text _builder_version=\u00a0\u00bb4.27.4&Prime; _module_preset=\u00a0\u00bb269f320a-996e-433b-863e-a6e1c09b9351&Prime; header_5_text_color=\u00a0\u00bbgcid-11d3dbbb-f6dc-4fb8-929b-9d6994368d00&Prime; text_orientation=\u00a0\u00bbcenter\u00a0\u00bb global_colors_info=\u00a0\u00bb{%22gcid-11d3dbbb-f6dc-4fb8-929b-9d6994368d00%22:%91%22header_5_text_color%22%93}\u00a0\u00bb]<\/p>\n<div class=\"et_pb_module et_pb_text et_pb_text_17  et_pb_text_align_center et_pb_bg_layout_light\">\n<div class=\"et_pb_text_inner\">\n<h5><span>L\u2019Art Home des Saveurs<\/span><span><\/span><\/h5>\n<\/div>\n<\/div>\n<div class=\"et_pb_module et_pb_text et_pb_text_18  et_pb_text_align_center et_pb_bg_layout_light\">\n<div class=\"et_pb_text_inner\"><\/div>\n<\/div>\n<p>[\/et_pb_text][et_pb_text _builder_version=\u00a0\u00bb4.27.4&Prime; _module_preset=\u00a0\u00bba297aff8-8870-4671-803a-717c610aa983&Prime; header_6_text_color=\u00a0\u00bb#FFFFFF\u00a0\u00bb text_orientation=\u00a0\u00bbcenter\u00a0\u00bb global_colors_info=\u00a0\u00bb{}\u00a0\u00bb]<\/p>\n<h6>| <span style=\"font-size: 11px;\">Contact : larthomedessaveurstraiteur@gmail.com<\/span><br \/>| <a href=\"https:\/\/www.larthomedessaveurstraiteur.fr\/\" target=\"_blank\" rel=\"noopener\"><span style=\"font-size: 12px;\">https:\/\/www.larthomedessaveurstraiteur.fr\/<\/span><\/a><br \/>| <span style=\"font-size: 16px;\">+33 6 40 23 03 76<\/span><\/h6>\n<p>[\/et_pb_text][\/et_pb_column][et_pb_column type=\u00a0\u00bb1_3&Prime; _builder_version=\u00a0\u00bb4.20.0&Prime; _module_preset=\u00a0\u00bbdefault\u00a0\u00bb global_colors_info=\u00a0\u00bb{}\u00a0\u00bb][et_pb_image src=\u00a0\u00bbhttps:\/\/chateau-vandeleville.com\/wp-content\/uploads\/2025\/03\/800-x-640-px-2.png\u00a0\u00bb title_text=\u00a0\u00bb800 x 640 px (2)\u00a0\u00bb url=\u00a0\u00bbhttps:\/\/www.traiteurm.fr\/\u00a0\u00bb url_new_window=\u00a0\u00bbon\u00a0\u00bb _builder_version=\u00a0\u00bb4.27.4&Prime; _module_preset=\u00a0\u00bbdefault\u00a0\u00bb global_colors_info=\u00a0\u00bb{}\u00a0\u00bb][\/et_pb_image][et_pb_text _builder_version=\u00a0\u00bb4.27.4&Prime; _module_preset=\u00a0\u00bb269f320a-996e-433b-863e-a6e1c09b9351&Prime; header_5_text_color=\u00a0\u00bbgcid-11d3dbbb-f6dc-4fb8-929b-9d6994368d00&Prime; text_orientation=\u00a0\u00bbcenter\u00a0\u00bb global_colors_info=\u00a0\u00bb{%22gcid-11d3dbbb-f6dc-4fb8-929b-9d6994368d00%22:%91%22header_5_text_color%22%93}\u00a0\u00bb]<\/p>\n<div class=\"et_pb_module et_pb_text et_pb_text_19  et_pb_text_align_center et_pb_bg_layout_light\">\n<div class=\"et_pb_text_inner\">\n<h5><span>Traiteur M<\/span><span><\/span><\/h5>\n<\/div>\n<\/div>\n<div class=\"et_pb_module et_pb_text et_pb_text_20  et_pb_text_align_center et_pb_bg_layout_light\">\n<div class=\"et_pb_text_inner\"><\/div>\n<\/div>\n<p>[\/et_pb_text][et_pb_text _builder_version=\u00a0\u00bb4.27.4&Prime; _module_preset=\u00a0\u00bba297aff8-8870-4671-803a-717c610aa983&Prime; header_6_text_color=\u00a0\u00bb#FFFFFF\u00a0\u00bb text_orientation=\u00a0\u00bbcenter\u00a0\u00bb global_colors_info=\u00a0\u00bb{}\u00a0\u00bb]<\/p>\n<h6>| Contact : contact@domainem.fr<br \/>\n| <a href=\"https:\/\/www.traiteurm.fr\/\" target=\"_blank\" rel=\"noopener\">https:\/\/www.traiteurm.fr\/<\/a><span><br \/>\n<\/span><span style=\"font-size: 16px;\">| <span>06 29 64 81 33<\/span><span><\/span><\/span><\/h6>\n<h6><span style=\"font-size: 16px;\"><\/span><span><br \/>\n<\/span><\/h6>\n<p>[\/et_pb_text][\/et_pb_column][et_pb_column type=\u00a0\u00bb1_3&Prime; _builder_version=\u00a0\u00bb4.20.0&Prime; _module_preset=\u00a0\u00bbdefault\u00a0\u00bb global_colors_info=\u00a0\u00bb{}\u00a0\u00bb][\/et_pb_column][\/et_pb_row][\/et_pb_section][et_pb_section fb_built=\u00a0\u00bb1&Prime; specialty=\u00a0\u00bbon\u00a0\u00bb admin_label=\u00a0\u00bbFeatures\u00a0\u00bb _builder_version=\u00a0\u00bb4.20.0&Prime; _module_preset=\u00a0\u00bbdefault\u00a0\u00bb background_color=\u00a0\u00bbgcid-9fa4a1b6-767d-41ca-984c-a6f10449c843&Prime; collapsed=\u00a0\u00bbon\u00a0\u00bb global_colors_info=\u00a0\u00bb{%22gcid-9fa4a1b6-767d-41ca-984c-a6f10449c843%22:%91%22background_color%22%93}\u00a0\u00bb][et_pb_column type=\u00a0\u00bb1_2&Prime; _builder_version=\u00a0\u00bb4.16&Prime; _module_preset=\u00a0\u00bbdefault\u00a0\u00bb custom_padding=\u00a0\u00bb|||\u00a0\u00bb global_colors_info=\u00a0\u00bb{}\u00a0\u00bb custom_padding__hover=\u00a0\u00bb|||\u00a0\u00bb][et_pb_blurb title=\u00a0\u00bbUn repas inoubliable pour un \u00e9v\u00e9nement unique\u00a0\u00bb use_icon=\u00a0\u00bbon\u00a0\u00bb font_icon=\u00a0\u00bb&#x4e;||divi||400&Prime; _builder_version=\u00a0\u00bb4.27.4&Prime; _module_preset=\u00a0\u00bb1d29c880-973c-49bd-ab07-2f422d832f08&Prime; locked=\u00a0\u00bboff\u00a0\u00bb global_colors_info=\u00a0\u00bb{}\u00a0\u00bb][\/et_pb_blurb][et_pb_blurb title=\u00a0\u00bbNos traiteurs partenaires s\u2019adaptent \u00e0 vos besoins pour cr\u00e9er un menu d\u2019exception qui ravira vos convives. \u00a0\u00bb use_icon=\u00a0\u00bbon\u00a0\u00bb font_icon=\u00a0\u00bb&#x4e;||divi||400&Prime; _builder_version=\u00a0\u00bb4.27.4&Prime; _module_preset=\u00a0\u00bb1d29c880-973c-49bd-ab07-2f422d832f08&Prime; locked=\u00a0\u00bboff\u00a0\u00bb global_colors_info=\u00a0\u00bb{}\u00a0\u00bb][\/et_pb_blurb][et_pb_blurb title=\u00a0\u00bbContactez-les d\u00e8s maintenant pour discuter de vos envies et \u00e9laborer votre menu sur mesure !\u00a0\u00bb use_icon=\u00a0\u00bbon\u00a0\u00bb font_icon=\u00a0\u00bb&#x4e;||divi||400&Prime; _builder_version=\u00a0\u00bb4.27.4&Prime; _module_preset=\u00a0\u00bb1d29c880-973c-49bd-ab07-2f422d832f08&Prime; locked=\u00a0\u00bboff\u00a0\u00bb global_colors_info=\u00a0\u00bb{}\u00a0\u00bb][\/et_pb_blurb][\/et_pb_column][et_pb_column type=\u00a0\u00bb1_2&Prime; specialty_columns=\u00a0\u00bb2&Prime; _builder_version=\u00a0\u00bb4.16&Prime; _module_preset=\u00a0\u00bbdefault\u00a0\u00bb custom_padding=\u00a0\u00bb|||\u00a0\u00bb global_colors_info=\u00a0\u00bb{}\u00a0\u00bb custom_padding__hover=\u00a0\u00bb|||\u00a0\u00bb][et_pb_row_inner column_structure=\u00a0\u00bb1_2,1_2&Prime; use_custom_gutter=\u00a0\u00bbon\u00a0\u00bb gutter_width=\u00a0\u00bb1&Prime; _builder_version=\u00a0\u00bb4.20.0&Prime; _module_preset=\u00a0\u00bbdefault\u00a0\u00bb locked=\u00a0\u00bboff\u00a0\u00bb global_colors_info=\u00a0\u00bb{}\u00a0\u00bb][et_pb_column_inner type=\u00a0\u00bb1_2&Prime; saved_specialty_column_type=\u00a0\u00bb1_2&Prime; _builder_version=\u00a0\u00bb4.20.0&Prime; _module_preset=\u00a0\u00bbdefault\u00a0\u00bb global_colors_info=\u00a0\u00bb{}\u00a0\u00bb][et_pb_image src=\u00a0\u00bbhttps:\/\/chateau-vandeleville.com\/wp-content\/uploads\/2025\/02\/entreprises-traiteur-3.jpg\u00a0\u00bb title_text=\u00a0\u00bbentreprises-traiteur-3&Prime; _builder_version=\u00a0\u00bb4.27.4&Prime; _module_preset=\u00a0\u00bbdefault\u00a0\u00bb locked=\u00a0\u00bboff\u00a0\u00bb global_colors_info=\u00a0\u00bb{}\u00a0\u00bb][\/et_pb_image][\/et_pb_column_inner][et_pb_column_inner type=\u00a0\u00bb1_2&Prime; saved_specialty_column_type=\u00a0\u00bb1_2&Prime; _builder_version=\u00a0\u00bb4.20.0&Prime; _module_preset=\u00a0\u00bbdefault\u00a0\u00bb custom_padding=\u00a0\u00bb60px||||false|false\u00a0\u00bb custom_padding_tablet=\u00a0\u00bb60px||||false|false\u00a0\u00bb custom_padding_phone=\u00a0\u00bb0px||||false|false\u00a0\u00bb custom_padding_last_edited=\u00a0\u00bbon|desktop\u00a0\u00bb global_colors_info=\u00a0\u00bb{}\u00a0\u00bb][et_pb_image src=\u00a0\u00bbhttps:\/\/chateau-vandeleville.com\/wp-content\/uploads\/2025\/02\/entreprises-traiteur-2.jpg\u00a0\u00bb title_text=\u00a0\u00bbentreprises-traiteur-2&Prime; _builder_version=\u00a0\u00bb4.27.4&Prime; _module_preset=\u00a0\u00bbdefault\u00a0\u00bb global_colors_info=\u00a0\u00bb{}\u00a0\u00bb][\/et_pb_image][\/et_pb_column_inner][\/et_pb_row_inner][\/et_pb_column][\/et_pb_section]<\/p>\n","protected":false},"excerpt":{"rendered":"<p>Nos traiteurs partenaires Pour un repas d&rsquo;exceptionPour sublimer votre mariage, r\u00e9ception ou \u00e9v\u00e9nement au Ch\u00e2teau de Vandel\u00e9ville, nous travaillons avec une s\u00e9lection de traiteurs partenaires exclusifs. Leur savoir-faire gastronomique vous garantit une exp\u00e9rience culinaire raffin\u00e9e et adapt\u00e9e \u00e0 vos envies. Que vous souhaitiez un menu gastronomique, un buffet chic ou un cocktail dinatoire, ces experts [&hellip;]<\/p>\n","protected":false},"author":1,"featured_media":0,"parent":0,"menu_order":0,"comment_status":"closed","ping_status":"closed","template":"","meta":{"_et_pb_use_builder":"on","_et_pb_old_content":"","_et_gb_content_width":"","footnotes":""},"class_list":["post-291","page","type-page","status-publish","hentry"],"_links":{"self":[{"href":"https:\/\/chateau-vandeleville.com\/index.php?rest_route=\/wp\/v2\/pages\/291","targetHints":{"allow":["GET"]}}],"collection":[{"href":"https:\/\/chateau-vandeleville.com\/index.php?rest_route=\/wp\/v2\/pages"}],"about":[{"href":"https:\/\/chateau-vandeleville.com\/index.php?rest_route=\/wp\/v2\/types\/page"}],"author":[{"embeddable":true,"href":"https:\/\/chateau-vandeleville.com\/index.php?rest_route=\/wp\/v2\/users\/1"}],"replies":[{"embeddable":true,"href":"https:\/\/chateau-vandeleville.com\/index.php?rest_route=%2Fwp%2Fv2%2Fcomments&post=291"}],"version-history":[{"count":16,"href":"https:\/\/chateau-vandeleville.com\/index.php?rest_route=\/wp\/v2\/pages\/291\/revisions"}],"predecessor-version":[{"id":1153,"href":"https:\/\/chateau-vandeleville.com\/index.php?rest_route=\/wp\/v2\/pages\/291\/revisions\/1153"}],"wp:attachment":[{"href":"https:\/\/chateau-vandeleville.com\/index.php?rest_route=%2Fwp%2Fv2%2Fmedia&parent=291"}],"curies":[{"name":"wp","href":"https:\/\/api.w.org\/{rel}","templated":true}]}}